{"id":558,"date":"2023-05-26T21:24:04","date_gmt":"2023-05-26T21:24:04","guid":{"rendered":"https:\/\/dev.mintechost.com\/fafer23\/?post_type=product&#038;p=558"},"modified":"2023-05-29T19:54:14","modified_gmt":"2023-05-29T19:54:14","slug":"champu-de-glicerina-easygroom","status":"publish","type":"product","link":"https:\/\/dev.mintechost.com\/fafer23\/product\/champu-de-glicerina-easygroom\/","title":{"rendered":"Champ\u00fa de Glicerina Easygroom"},"content":{"rendered":"<p><strong><img loading=\"lazy\" decoding=\"async\" src=\"https:\/\/www.suplidoraroyal.com\/img\/cms\/New%20Project%20(1)_1.png\" alt=\"Logo EasyGroom\" width=\"35\" height=\"25\" \/><\/strong>\u00a0Un producto para tu mascota debe ser m\u00e1s que un simple producto, debe ser un producto en el cual confiar. Nuestra misi\u00f3n es crear productos que transformen el pelaje de tu mascota y le brinden bienestar.<\/p>\n<p><img loading=\"lazy\" decoding=\"async\" src=\"https:\/\/www.suplidoraroyal.com\/img\/cms\/icon-paw-blue-svg.svg\" alt=\"Patita Azul\" width=\"20\" height=\"17\" \/>\u00a0Deja una sensaci\u00f3n de suavidad e hidrataci\u00f3n sin bloquear los poros, a\u00fan en la piel extremadamente seca<\/p>\n<p><img loading=\"lazy\" decoding=\"async\" src=\"https:\/\/www.suplidoraroyal.com\/img\/cms\/icon-paw-blue-svg.svg\" alt=\"Patita Azul\" width=\"20\" height=\"17\" \/>\u00a0Ayuda a remover la grasa de la piel sin dejar resequedad, por lo tanto es de gran utilidad para usarlo en pieles y pelajes grasos<\/p>\n<p><img loading=\"lazy\" decoding=\"async\" src=\"https:\/\/www.suplidoraroyal.com\/img\/cms\/icon-paw-blue-svg.svg\" alt=\"Patita Azul\" width=\"20\" height=\"17\" \/>\u00a0Formulado con ingredientes que no irritan los ojos para conseguir un resultado anti l\u00e1grimas<\/p>\n<p><img loading=\"lazy\" decoding=\"async\" src=\"https:\/\/www.suplidoraroyal.com\/img\/cms\/icon-paw-blue-svg.svg\" alt=\"Patita Azul\" width=\"20\" height=\"17\" \/>\u00a0Si\u00e9ntete con confianza al usar Easy Groom ya que su pH neutro 7.0 es ideal para conservar las caracter\u00edsticas naturales de la piel y el pelo, sin causarle afectaciones en la piel de tu querida mascota<\/p>\n<p>\u2747\ufe0f NUEVA PRESENTACI\u00d3N \u00daNICA Y MEJORADA<\/p>\n","protected":false},"excerpt":{"rendered":"<h3>Instrucciones de Uso:<\/h3>\n<p>1. Aplique sobre las manos y frote sobre el pelaje o coloque directamente sobre el pelo.<\/p>\n<p>2. Utilice agua tibia o a temperatura ambiente para evitar la formaci\u00f3n de nudos y el frizz.<\/p>\n<p>3. Distribuye desde la ra\u00edz hacia las puntas con movimientos suaves y lineales.<\/p>\n<p>4. Retire el champ\u00fa enjuagando con agua.<\/p>\n<p>5. Utilice una toalla seca con movimientos suaves o una sopladora especial para mascotas.<\/p>\n","protected":false},"featured_media":559,"comment_status":"open","ping_status":"closed","template":"","meta":[],"product_cat":[54,67,69,33],"product_tag":[],"class_list":["post-558","product","type-product","status-publish","has-post-thumbnail","hentry","product_cat-easy-groom","product_cat-salud-y-belleza","product_cat-shampus-y-acondicionadores","product_cat-perros"],"_links":{"self":[{"href":"https:\/\/dev.mintechost.com\/fafer23\/wp-json\/wp\/v2\/product\/558","targetHints":{"allow":["GET"]}}],"collection":[{"href":"https:\/\/dev.mintechost.com\/fafer23\/wp-json\/wp\/v2\/product"}],"about":[{"href":"https:\/\/dev.mintechost.com\/fafer23\/wp-json\/wp\/v2\/types\/product"}],"replies":[{"embeddable":true,"href":"https:\/\/dev.mintechost.com\/fafer23\/wp-json\/wp\/v2\/comments?post=558"}],"wp:featuredmedia":[{"embeddable":true,"href":"https:\/\/dev.mintechost.com\/fafer23\/wp-json\/wp\/v2\/media\/559"}],"wp:attachment":[{"href":"https:\/\/dev.mintechost.com\/fafer23\/wp-json\/wp\/v2\/media?parent=558"}],"wp:term":[{"taxonomy":"product_cat","embeddable":true,"href":"https:\/\/dev.mintechost.com\/fafer23\/wp-json\/wp\/v2\/product_cat?post=558"},{"taxonomy":"product_tag","embeddable":true,"href":"https:\/\/dev.mintechost.com\/fafer23\/wp-json\/wp\/v2\/product_tag?post=558"}],"curies":[{"name":"wp","href":"https:\/\/api.w.org\/{rel}","templated":true}]}}