{"id":584,"date":"2023-05-26T22:28:37","date_gmt":"2023-05-26T22:28:37","guid":{"rendered":"https:\/\/dev.mintechost.com\/fafer23\/?post_type=product&#038;p=584"},"modified":"2023-05-29T19:52:06","modified_gmt":"2023-05-29T19:52:06","slug":"champu-de-salvia-easygroom","status":"publish","type":"product","link":"https:\/\/dev.mintechost.com\/fafer23\/product\/champu-de-salvia-easygroom\/","title":{"rendered":"Champ\u00fa de Salvia Easygroom"},"content":{"rendered":"<p><img loading=\"lazy\" decoding=\"async\" src=\"https:\/\/www.suplidoraroyal.com\/img\/cms\/New%20Project%20(1)_1.png\" alt=\"Logo EasyGroom\" width=\"35\" height=\"25\" \/>\u00a0Un producto para tu mascota debe ser m\u00e1s que un simple producto, debe ser un producto en el cual confiar. Nuestra misi\u00f3n es crear productos que transformen el pelaje de tu mascota y le brinden bienestar.<\/p>\n<p><img loading=\"lazy\" decoding=\"async\" src=\"https:\/\/www.suplidoraroyal.com\/img\/cms\/icon-paw-blue-svg.svg\" alt=\"Patita Azul\" width=\"20\" height=\"17\" \/>\u00a0\u00a1Contiene extracto de salvia para fortalecer los tonos oscuros de los pelajes negros y oscuros!<\/p>\n<p><img loading=\"lazy\" decoding=\"async\" src=\"https:\/\/www.suplidoraroyal.com\/img\/cms\/icon-paw-blue-svg.svg\" alt=\"Patita Azul\" width=\"20\" height=\"17\" \/>\u00a0El tinte de salvia tiene la propiedad de te\u00f1ir naturalmente la cut\u00edcula del pelo, no es t\u00f3xico ni maltrata la composici\u00f3n natural del pelo<\/p>\n<p><img loading=\"lazy\" decoding=\"async\" src=\"https:\/\/www.suplidoraroyal.com\/img\/cms\/icon-paw-blue-svg.svg\" alt=\"Patita Azul\" width=\"20\" height=\"17\" \/>\u00a0Se recomienda usar para el ba\u00f1o de perros con pelajes negros como el rottweiler, labrador negro, doberman pinscher y poodle negro, entre otros<\/p>\n<p><img loading=\"lazy\" decoding=\"async\" src=\"https:\/\/www.suplidoraroyal.com\/img\/cms\/icon-paw-blue-svg.svg\" alt=\"Patita Azul\" width=\"20\" height=\"17\" \/>\u00a0Formulado con ingredientes que no irritan los ojos para conseguir un resultado anti l\u00e1grimas<\/p>\n<p><img loading=\"lazy\" decoding=\"async\" src=\"https:\/\/www.suplidoraroyal.com\/img\/cms\/icon-paw-blue-svg.svg\" alt=\"Patita Azul\" width=\"20\" height=\"17\" \/>\u00a0Si\u00e9ntete con confianza al usar Easy Groom ya que su pH neutro 7.0 es ideal para conservar las caracter\u00edsticas naturales de la piel y el pelo, sin causarle afectaciones en la piel de tu querida mascota<\/p>\n<p>\u2747\ufe0f NUEVA PRESENTACI\u00d3N \u00daNICA Y MEJORADA<\/p>\n","protected":false},"excerpt":{"rendered":"<h3>Instrucciones de Uso:<\/h3>\n<p>1. Aplique sobre las manos y frote sobre el pelaje o coloque directamente sobre el pelo.<\/p>\n<p>2. Utilice agua tibia o a temperatura ambiente para evitar la formaci\u00f3n de nudos y el frizz.<\/p>\n<p>3. Distribuye desde la ra\u00edz hacia las puntas con movimientos suaves y lineales.<\/p>\n<p>4. Retire el champ\u00fa enjuagando con agua.<\/p>\n<p>5. Utilice una toalla seca con movimientos suaves o una sopladora especial para mascotas.<\/p>\n","protected":false},"featured_media":585,"comment_status":"open","ping_status":"closed","template":"","meta":[],"product_cat":[54,69,33],"product_tag":[],"class_list":["post-584","product","type-product","status-publish","has-post-thumbnail","hentry","product_cat-easy-groom","product_cat-shampus-y-acondicionadores","product_cat-perros"],"_links":{"self":[{"href":"https:\/\/dev.mintechost.com\/fafer23\/wp-json\/wp\/v2\/product\/584","targetHints":{"allow":["GET"]}}],"collection":[{"href":"https:\/\/dev.mintechost.com\/fafer23\/wp-json\/wp\/v2\/product"}],"about":[{"href":"https:\/\/dev.mintechost.com\/fafer23\/wp-json\/wp\/v2\/types\/product"}],"replies":[{"embeddable":true,"href":"https:\/\/dev.mintechost.com\/fafer23\/wp-json\/wp\/v2\/comments?post=584"}],"wp:featuredmedia":[{"embeddable":true,"href":"https:\/\/dev.mintechost.com\/fafer23\/wp-json\/wp\/v2\/media\/585"}],"wp:attachment":[{"href":"https:\/\/dev.mintechost.com\/fafer23\/wp-json\/wp\/v2\/media?parent=584"}],"wp:term":[{"taxonomy":"product_cat","embeddable":true,"href":"https:\/\/dev.mintechost.com\/fafer23\/wp-json\/wp\/v2\/product_cat?post=584"},{"taxonomy":"product_tag","embeddable":true,"href":"https:\/\/dev.mintechost.com\/fafer23\/wp-json\/wp\/v2\/product_tag?post=584"}],"curies":[{"name":"wp","href":"https:\/\/api.w.org\/{rel}","templated":true}]}}