{"id":590,"date":"2023-05-26T22:30:54","date_gmt":"2023-05-26T22:30:54","guid":{"rendered":"https:\/\/dev.mintechost.com\/fafer23\/?post_type=product&#038;p=590"},"modified":"2023-05-29T19:51:33","modified_gmt":"2023-05-29T19:51:33","slug":"champu-madero-negro-easygroom","status":"publish","type":"product","link":"https:\/\/dev.mintechost.com\/fafer23\/product\/champu-madero-negro-easygroom\/","title":{"rendered":"Champ\u00fa Madero Negro Easygroom"},"content":{"rendered":"<p><img loading=\"lazy\" decoding=\"async\" src=\"https:\/\/www.suplidoraroyal.com\/img\/cms\/New%20Project%20(1)_1.png\" alt=\"Logo EasyGroom\" width=\"35\" height=\"25\" \/>Un producto para tu mascota debe ser m\u00e1s que un simple producto, debe ser un producto en el cual confiar. Nuestra misi\u00f3n es crear productos que transformen el pelaje de tu mascota y le brinden bienestar.<\/p>\n<p><img loading=\"lazy\" decoding=\"async\" src=\"https:\/\/www.suplidoraroyal.com\/img\/cms\/icon-paw-blue-svg.svg\" alt=\"Patita Azul\" width=\"20\" height=\"17\" \/>\u00a0Champ\u00fa totalmente natural que repele y mata las pulgas en el perro. La mayor\u00eda de productos antipulgas contienen insecticidas qu\u00edmicos muy venenosos para los perros que mal usados pueden llegar a ocasionar intoxicaciones serias.<\/p>\n<p><img loading=\"lazy\" decoding=\"async\" src=\"https:\/\/www.suplidoraroyal.com\/img\/cms\/icon-paw-blue-svg.svg\" alt=\"Patita Azul\" width=\"20\" height=\"17\" \/>\u00a0Este champ\u00fa est\u00e1 hecho con extractos de plantas naturales que matan las pulgas sin ocasionar da\u00f1os al perro, contiene aloe vera para proteger la piel del perro ya que la picadura de las pulgas genera irritaci\u00f3n en la misma.<\/p>\n<p><img loading=\"lazy\" decoding=\"async\" src=\"https:\/\/www.suplidoraroyal.com\/img\/cms\/icon-paw-blue-svg.svg\" alt=\"Patita Azul\" width=\"20\" height=\"17\" \/>\u00a0El madero negro es una planta cuyas propiedades insecticidas y repelentes han sido muy probadas, as\u00ed tambi\u00e9n, la citronela y la lavanda son repelentes excepcionales, el hombre grande combate par\u00e1sitos externos.<\/p>\n<p><img loading=\"lazy\" decoding=\"async\" src=\"https:\/\/www.suplidoraroyal.com\/img\/cms\/icon-paw-blue-svg.svg\" alt=\"Patita Azul\" width=\"20\" height=\"17\" \/>\u00a0Tama\u00f1o: 240 ml<\/p>\n<p><img loading=\"lazy\" decoding=\"async\" src=\"https:\/\/www.suplidoraroyal.com\/img\/cms\/Icons\/eco-icon-friendly-sign-vector-24901964.png\" alt=\"eco-icon-friendly-sign-vector-24901964.png\" width=\"20\" height=\"20\" \/>\u00a0Producto Eco-Amigable. Reduzcamos nuestra huella para un planeta m\u00e1s saludable<\/p>\n","protected":false},"excerpt":{"rendered":"<p>Un producto para tu mascota debe ser m\u00e1s que un simple producto, debe ser un producto en el cual confiar. Nuestra misi\u00f3n es crear productos que transformen el pelaje de tu mascota y le brinden bienestar. \u00a0Champ\u00fa totalmente natural que repele y mata las pulgas en el perro. La mayor\u00eda de productos antipulgas contienen insecticidas [&hellip;]<\/p>\n","protected":false},"featured_media":591,"comment_status":"open","ping_status":"closed","template":"","meta":[],"product_cat":[54,67,69,33],"product_tag":[],"class_list":["post-590","product","type-product","status-publish","has-post-thumbnail","hentry","product_cat-easy-groom","product_cat-salud-y-belleza","product_cat-shampus-y-acondicionadores","product_cat-perros"],"_links":{"self":[{"href":"https:\/\/dev.mintechost.com\/fafer23\/wp-json\/wp\/v2\/product\/590","targetHints":{"allow":["GET"]}}],"collection":[{"href":"https:\/\/dev.mintechost.com\/fafer23\/wp-json\/wp\/v2\/product"}],"about":[{"href":"https:\/\/dev.mintechost.com\/fafer23\/wp-json\/wp\/v2\/types\/product"}],"replies":[{"embeddable":true,"href":"https:\/\/dev.mintechost.com\/fafer23\/wp-json\/wp\/v2\/comments?post=590"}],"wp:featuredmedia":[{"embeddable":true,"href":"https:\/\/dev.mintechost.com\/fafer23\/wp-json\/wp\/v2\/media\/591"}],"wp:attachment":[{"href":"https:\/\/dev.mintechost.com\/fafer23\/wp-json\/wp\/v2\/media?parent=590"}],"wp:term":[{"taxonomy":"product_cat","embeddable":true,"href":"https:\/\/dev.mintechost.com\/fafer23\/wp-json\/wp\/v2\/product_cat?post=590"},{"taxonomy":"product_tag","embeddable":true,"href":"https:\/\/dev.mintechost.com\/fafer23\/wp-json\/wp\/v2\/product_tag?post=590"}],"curies":[{"name":"wp","href":"https:\/\/api.w.org\/{rel}","templated":true}]}}