{"id":601,"date":"2023-05-26T22:45:52","date_gmt":"2023-05-26T22:45:52","guid":{"rendered":"https:\/\/dev.mintechost.com\/fafer23\/?post_type=product&#038;p=601"},"modified":"2023-05-29T19:50:34","modified_gmt":"2023-05-29T19:50:34","slug":"champu-salvia-para-caballo-510-ml-easygroom","status":"publish","type":"product","link":"https:\/\/dev.mintechost.com\/fafer23\/product\/champu-salvia-para-caballo-510-ml-easygroom\/","title":{"rendered":"Champ\u00fa Salvia Para Caballo &#8211; 510 ml Easygroom"},"content":{"rendered":"<p><img loading=\"lazy\" decoding=\"async\" src=\"https:\/\/www.suplidoraroyal.com\/img\/cms\/New%20Project%20(1)_1.png\" alt=\"Logo EasyGroom\" width=\"35\" height=\"25\" \/>\u00a0Un producto para tu mascota debe ser m\u00e1s que un simple producto, debe ser un producto en el cual confiar. Nuestra misi\u00f3n es crear productos que transformen el pelaje de tu mascota y le brinden bienestar.<\/p>\n<p><img loading=\"lazy\" decoding=\"async\" src=\"https:\/\/www.suplidoraroyal.com\/img\/cms\/icon-paw-blue-svg.svg\" alt=\"Patita Azul\" width=\"20\" height=\"17\" \/>\u00a0El tinte de salvia tiene la propiedad de te\u00f1ir naturalmente la cut\u00edcula del pelo, su uso en el pelo disimula la aparici\u00f3n de las primeras canas<\/p>\n<p><img loading=\"lazy\" decoding=\"async\" src=\"https:\/\/www.suplidoraroyal.com\/img\/cms\/icon-paw-blue-svg.svg\" alt=\"Patita Azul\" width=\"20\" height=\"17\" \/>\u00a0Tiene la virtud e proporcionar humectaci\u00f3n a la piel, suavidad, brillo y sedosidad al pelo<\/p>\n<p><img loading=\"lazy\" decoding=\"async\" src=\"https:\/\/www.suplidoraroyal.com\/img\/cms\/icon-paw-blue-svg.svg\" alt=\"Patita Azul\" width=\"20\" height=\"17\" \/>\u00a0Se absorbe r\u00e1pidamente a trav\u00e9s de la piel y no deja residuos grasos<\/p>\n<p><img loading=\"lazy\" decoding=\"async\" src=\"https:\/\/www.suplidoraroyal.com\/img\/cms\/icon-paw-blue-svg.svg\" alt=\"Patita Azul\" width=\"20\" height=\"17\" \/>\u00a0El pH y el champ\u00fa tienen una relaci\u00f3n muy importante para mantener las caracter\u00edsticas naturales y saludables de esta estructura. Un champ\u00fa con un pH muy \u00e1cido o muy b\u00e1sico decoloraci\u00f3n en el pelo que deterioran su apariencia<\/p>\n<p><img loading=\"lazy\" decoding=\"async\" src=\"https:\/\/www.suplidoraroyal.com\/img\/cms\/icon-paw-blue-svg.svg\" alt=\"Patita Azul\" width=\"20\" height=\"17\" \/>\u00a0Tama\u00f1o: 510 ml<\/p>\n<p>&nbsp;<\/p>\n","protected":false},"excerpt":{"rendered":"<p>\u00a0Un producto para tu mascota debe ser m\u00e1s que un simple producto, debe ser un producto en el cual confiar. Nuestra misi\u00f3n es crear productos que transformen el pelaje de tu mascota y le brinden bienestar. \u00a0El tinte de salvia tiene la propiedad de te\u00f1ir naturalmente la cut\u00edcula del pelo, su uso en el pelo [&hellip;]<\/p>\n","protected":false},"featured_media":602,"comment_status":"open","ping_status":"closed","template":"","meta":[],"product_cat":[66,54,61,69],"product_tag":[],"class_list":["post-601","product","type-product","status-publish","has-post-thumbnail","hentry","product_cat-cosmeticos-para-caballo","product_cat-easy-groom","product_cat-productos-para-caballos","product_cat-shampus-y-acondicionadores"],"_links":{"self":[{"href":"https:\/\/dev.mintechost.com\/fafer23\/wp-json\/wp\/v2\/product\/601","targetHints":{"allow":["GET"]}}],"collection":[{"href":"https:\/\/dev.mintechost.com\/fafer23\/wp-json\/wp\/v2\/product"}],"about":[{"href":"https:\/\/dev.mintechost.com\/fafer23\/wp-json\/wp\/v2\/types\/product"}],"replies":[{"embeddable":true,"href":"https:\/\/dev.mintechost.com\/fafer23\/wp-json\/wp\/v2\/comments?post=601"}],"wp:featuredmedia":[{"embeddable":true,"href":"https:\/\/dev.mintechost.com\/fafer23\/wp-json\/wp\/v2\/media\/602"}],"wp:attachment":[{"href":"https:\/\/dev.mintechost.com\/fafer23\/wp-json\/wp\/v2\/media?parent=601"}],"wp:term":[{"taxonomy":"product_cat","embeddable":true,"href":"https:\/\/dev.mintechost.com\/fafer23\/wp-json\/wp\/v2\/product_cat?post=601"},{"taxonomy":"product_tag","embeddable":true,"href":"https:\/\/dev.mintechost.com\/fafer23\/wp-json\/wp\/v2\/product_tag?post=601"}],"curies":[{"name":"wp","href":"https:\/\/api.w.org\/{rel}","templated":true}]}}