{"id":613,"date":"2023-05-26T22:58:49","date_gmt":"2023-05-26T22:58:49","guid":{"rendered":"https:\/\/dev.mintechost.com\/fafer23\/?post_type=product&#038;p=613"},"modified":"2023-05-29T19:48:04","modified_gmt":"2023-05-29T19:48:04","slug":"keratina-chocolate-blanco-easygroom","status":"publish","type":"product","link":"https:\/\/dev.mintechost.com\/fafer23\/product\/keratina-chocolate-blanco-easygroom\/","title":{"rendered":"Keratina Chocolate Blanco Easygroom"},"content":{"rendered":"<p><img loading=\"lazy\" decoding=\"async\" src=\"https:\/\/www.suplidoraroyal.com\/img\/cms\/New%20Project%20(1)_1.png\" alt=\"Logo EasyGroom\" width=\"35\" height=\"25\" \/>\u00a0Un producto para tu mascota debe ser m\u00e1s que un simple producto, debe ser un producto en el cual confiar. Nuestra misi\u00f3n es crear productos que transformen el pelaje de tu mascota y le brinden bienestar.<\/p>\n<p><img loading=\"lazy\" decoding=\"async\" src=\"https:\/\/www.suplidoraroyal.com\/img\/cms\/icon-paw-blue-svg.svg\" alt=\"Patita Azul\" width=\"20\" height=\"17\" \/>\u00a0La queratina es la prote\u00edna fundamental que compone el pelo, su funci\u00f3n es indispensable para que el pelo est\u00e9 sano, con elasticidad y protecci\u00f3n ante los factores medioambientales<\/p>\n<p><img loading=\"lazy\" decoding=\"async\" src=\"https:\/\/www.suplidoraroyal.com\/img\/cms\/icon-paw-blue-svg.svg\" alt=\"Patita Azul\" width=\"20\" height=\"17\" \/>\u00a0Es una f\u00f3rmula especializada a base de queratina hidrolizada que restablece la cut\u00edcula del pelo convirti\u00e9ndolo en un manto extra suave, manejable y con m\u00e1xima vitalidad.<\/p>\n<p><img loading=\"lazy\" decoding=\"async\" src=\"https:\/\/www.suplidoraroyal.com\/img\/cms\/icon-paw-blue-svg.svg\" alt=\"Patita Azul\" width=\"20\" height=\"17\" \/>\u00a0Ideal para pelajes maltratados o que necesiten cuidado especial, tambi\u00e9n reduce la carga electrost\u00e1tica o frizz dando una apariencia de pelo m\u00e1s largo\u00a0 y con vida<\/p>\n<p><img loading=\"lazy\" decoding=\"async\" src=\"https:\/\/www.suplidoraroyal.com\/img\/cms\/icon-paw-blue-svg.svg\" alt=\"Patita Azul\" width=\"20\" height=\"17\" \/>\u00a0No requiere enjuague, no deja residuos grasos, una vez aplicado se puede proceder al secado del pelo mediante cepillado con secadora<\/p>\n<p><img loading=\"lazy\" decoding=\"async\" src=\"https:\/\/www.suplidoraroyal.com\/img\/cms\/icon-paw-blue-svg.svg\" alt=\"Patita Azul\" width=\"20\" height=\"17\" \/>\u00a0Tama\u00f1o: 250 g<\/p>\n","protected":false},"excerpt":{"rendered":"<h3>Forma de aplicaci\u00f3n:<\/h3>\n<p>Aplicar despu\u00e9s del ba\u00f1o cuando el pelo a\u00fan est\u00e1 h\u00famedo<\/p>\n<p>Esparcir una peque\u00f1a cantidad en las palmas de las manos y distribuir en direcci\u00f3n de la ra\u00edz hacia las puntas con movimientos lineales<\/p>\n<p>Repetir esta aplicaci\u00f3n cuantas veces sea necesario para cubrir todo el pelaje<\/p>\n<p>Dejar actuar durante 10 a 15 minutos y proceder con el secado y estirado del pelo<\/p>\n<p>Su aplicaci\u00f3n puede realizarse con la misma frecuencia con la que se hace el ba\u00f1o.<\/p>\n","protected":false},"featured_media":614,"comment_status":"open","ping_status":"closed","template":"","meta":[],"product_cat":[54,67,69,33],"product_tag":[],"class_list":["post-613","product","type-product","status-publish","has-post-thumbnail","hentry","product_cat-easy-groom","product_cat-salud-y-belleza","product_cat-shampus-y-acondicionadores","product_cat-perros"],"_links":{"self":[{"href":"https:\/\/dev.mintechost.com\/fafer23\/wp-json\/wp\/v2\/product\/613","targetHints":{"allow":["GET"]}}],"collection":[{"href":"https:\/\/dev.mintechost.com\/fafer23\/wp-json\/wp\/v2\/product"}],"about":[{"href":"https:\/\/dev.mintechost.com\/fafer23\/wp-json\/wp\/v2\/types\/product"}],"replies":[{"embeddable":true,"href":"https:\/\/dev.mintechost.com\/fafer23\/wp-json\/wp\/v2\/comments?post=613"}],"wp:featuredmedia":[{"embeddable":true,"href":"https:\/\/dev.mintechost.com\/fafer23\/wp-json\/wp\/v2\/media\/614"}],"wp:attachment":[{"href":"https:\/\/dev.mintechost.com\/fafer23\/wp-json\/wp\/v2\/media?parent=613"}],"wp:term":[{"taxonomy":"product_cat","embeddable":true,"href":"https:\/\/dev.mintechost.com\/fafer23\/wp-json\/wp\/v2\/product_cat?post=613"},{"taxonomy":"product_tag","embeddable":true,"href":"https:\/\/dev.mintechost.com\/fafer23\/wp-json\/wp\/v2\/product_tag?post=613"}],"curies":[{"name":"wp","href":"https:\/\/api.w.org\/{rel}","templated":true}]}}