{"id":624,"date":"2023-05-26T23:06:39","date_gmt":"2023-05-26T23:06:39","guid":{"rendered":"https:\/\/dev.mintechost.com\/fafer23\/?post_type=product&#038;p=624"},"modified":"2023-05-29T19:44:06","modified_gmt":"2023-05-29T19:44:06","slug":"splash-mango-melocoton-easygroom","status":"publish","type":"product","link":"https:\/\/dev.mintechost.com\/fafer23\/product\/splash-mango-melocoton-easygroom\/","title":{"rendered":"Splash Mango Melocot\u00f3n Easygroom"},"content":{"rendered":"<p><strong><img loading=\"lazy\" decoding=\"async\" src=\"https:\/\/www.suplidoraroyal.com\/img\/cms\/New%20Project%20(1)_1.png\" alt=\"Logo EasyGroom\" width=\"35\" height=\"25\" \/><\/strong>\u00a0Un producto para tu mascota debe ser m\u00e1s que un simple producto, debe ser un producto en el cual confiar. Nuestra misi\u00f3n es crear productos que transformen el pelaje de tu mascota y le brinden bienestar.<\/p>\n<p><img loading=\"lazy\" decoding=\"async\" src=\"https:\/\/www.suplidoraroyal.com\/img\/cms\/icon-paw-blue-svg.svg\" alt=\"Patita Azul\" width=\"20\" height=\"17\" \/>\u00a0Inspirado en un aroma herbal y floral con fragancia fresca y energizante acompa\u00f1ado por notas de aire limpio del oc\u00e9ano. Fragancia de tipo unisex con una baja concentraci\u00f3n de perfume que evita que el olfato del perro se sature<\/p>\n<p><img loading=\"lazy\" decoding=\"async\" src=\"https:\/\/www.suplidoraroyal.com\/img\/cms\/icon-paw-blue-svg.svg\" alt=\"Patita Azul\" width=\"20\" height=\"17\" \/>\u00a0Para perfumar los perros es necesario usar fragancias muy suaves y de baja concentraci\u00f3n<\/p>\n<p><img loading=\"lazy\" decoding=\"async\" src=\"https:\/\/www.suplidoraroyal.com\/img\/cms\/icon-paw-blue-svg.svg\" alt=\"Patita Azul\" width=\"20\" height=\"17\" \/>\u00a0El splash es la forma m\u00e1s suave de perfumar sin generar molestias al perro<\/p>\n<p><img loading=\"lazy\" decoding=\"async\" src=\"https:\/\/www.suplidoraroyal.com\/img\/cms\/icon-paw-blue-svg.svg\" alt=\"Patita Azul\" width=\"20\" height=\"17\" \/>\u00a0Adem\u00e1s contiene fijadores muy suaves de alta calidad que permiten que el olor se mantenga en el pelaje hasta por 72 horas, sus ingredientes exclusivos permiten humectar el pelaje y controlar la est\u00e1tica del pelo, puede ser utilizado diariamente<\/p>\n<p><img loading=\"lazy\" decoding=\"async\" src=\"https:\/\/www.suplidoraroyal.com\/img\/cms\/icon-paw-blue-svg.svg\" alt=\"Patita Azul\" width=\"20\" height=\"17\" \/>\u00a0Suave y exquisito aroma para perros que no satura su olfato, con fijadores muy suaves que permanecen en el pelo<\/p>\n<p><img loading=\"lazy\" decoding=\"async\" src=\"https:\/\/www.suplidoraroyal.com\/img\/cms\/icon-paw-blue-svg.svg\" alt=\"Patita Azul\" width=\"20\" height=\"17\" \/>\u00a0Tama\u00f1o: 100 ml<\/p>\n<p>\u2747\ufe0f MUY PRONTO: UNA PRESENTACION UNICA Y MEJORA<\/p>\n","protected":false},"excerpt":{"rendered":"<p>\u00a0Un producto para tu mascota debe ser m\u00e1s que un simple producto, debe ser un producto en el cual confiar. Nuestra misi\u00f3n es crear productos que transformen el pelaje de tu mascota y le brinden bienestar. \u00a0Inspirado en un aroma herbal y floral con fragancia fresca y energizante acompa\u00f1ado por notas de aire limpio del [&hellip;]<\/p>\n","protected":false},"featured_media":625,"comment_status":"open","ping_status":"closed","template":"","meta":[],"product_cat":[65,54,33],"product_tag":[],"class_list":["post-624","product","type-product","status-publish","has-post-thumbnail","hentry","product_cat-colonias-para-perros","product_cat-easy-groom","product_cat-perros"],"_links":{"self":[{"href":"https:\/\/dev.mintechost.com\/fafer23\/wp-json\/wp\/v2\/product\/624","targetHints":{"allow":["GET"]}}],"collection":[{"href":"https:\/\/dev.mintechost.com\/fafer23\/wp-json\/wp\/v2\/product"}],"about":[{"href":"https:\/\/dev.mintechost.com\/fafer23\/wp-json\/wp\/v2\/types\/product"}],"replies":[{"embeddable":true,"href":"https:\/\/dev.mintechost.com\/fafer23\/wp-json\/wp\/v2\/comments?post=624"}],"wp:featuredmedia":[{"embeddable":true,"href":"https:\/\/dev.mintechost.com\/fafer23\/wp-json\/wp\/v2\/media\/625"}],"wp:attachment":[{"href":"https:\/\/dev.mintechost.com\/fafer23\/wp-json\/wp\/v2\/media?parent=624"}],"wp:term":[{"taxonomy":"product_cat","embeddable":true,"href":"https:\/\/dev.mintechost.com\/fafer23\/wp-json\/wp\/v2\/product_cat?post=624"},{"taxonomy":"product_tag","embeddable":true,"href":"https:\/\/dev.mintechost.com\/fafer23\/wp-json\/wp\/v2\/product_tag?post=624"}],"curies":[{"name":"wp","href":"https:\/\/api.w.org\/{rel}","templated":true}]}}