{"id":76,"date":"2023-05-17T18:30:09","date_gmt":"2023-05-17T18:30:09","guid":{"rendered":"https:\/\/dev.mintechost.com\/fafer23\/?post_type=product&#038;p=76"},"modified":"2023-05-24T13:55:16","modified_gmt":"2023-05-24T13:55:16","slug":"cordero-gato-adulto","status":"publish","type":"product","link":"https:\/\/dev.mintechost.com\/fafer23\/product\/cordero-gato-adulto\/","title":{"rendered":"Cordero &#8211; Gato Adulto"},"content":{"rendered":"<p>El alimento de cordero para perros adultos de la marca Araton es una opci\u00f3n excelente para tu mascota. Este alimento cuenta con prote\u00edna de cordero como ingrediente principal, lo que lo convierte en una opci\u00f3n ideal para perros con sensibilidad a otras prote\u00ednas. Adem\u00e1s, contiene una mezcla de vitaminas y minerales esenciales para mantener la salud y el bienestar de tu perro. Algunos de los nutrientes presentes en este alimento incluyen prote\u00ednas de alta calidad para mantener la masa muscular, grasas saludables para la energ\u00eda, fibra para la digesti\u00f3n y nutrientes para el cuidado de la piel y el pelaje. La f\u00f3rmula balanceada de este alimento asegura que tu perro reciba los nutrientes que necesita para mantener una buena salud en general.<\/p>\n","protected":false},"excerpt":{"rendered":"<p>Araton es una marca de alimentaci\u00f3n para mascotas que ofrece alimento de cordero para perros adultos. Es un alimento balanceado con prote\u00edna de cordero y vitaminas y minerales esenciales para la salud de tu perro. Araton utiliza ingredientes de alta calidad en sus productos, por lo que puedes estar seguro de que tu perro recibir\u00e1 la mejor nutrici\u00f3n.<\/p>\n","protected":false},"featured_media":77,"comment_status":"open","ping_status":"closed","template":"","meta":[],"product_cat":[34,20],"product_tag":[24],"class_list":["post-76","product","type-product","status-publish","has-post-thumbnail","hentry","product_cat-gatos","product_cat-snacks","product_tag-dog"],"_links":{"self":[{"href":"https:\/\/dev.mintechost.com\/fafer23\/wp-json\/wp\/v2\/product\/76","targetHints":{"allow":["GET"]}}],"collection":[{"href":"https:\/\/dev.mintechost.com\/fafer23\/wp-json\/wp\/v2\/product"}],"about":[{"href":"https:\/\/dev.mintechost.com\/fafer23\/wp-json\/wp\/v2\/types\/product"}],"replies":[{"embeddable":true,"href":"https:\/\/dev.mintechost.com\/fafer23\/wp-json\/wp\/v2\/comments?post=76"}],"wp:featuredmedia":[{"embeddable":true,"href":"https:\/\/dev.mintechost.com\/fafer23\/wp-json\/wp\/v2\/media\/77"}],"wp:attachment":[{"href":"https:\/\/dev.mintechost.com\/fafer23\/wp-json\/wp\/v2\/media?parent=76"}],"wp:term":[{"taxonomy":"product_cat","embeddable":true,"href":"https:\/\/dev.mintechost.com\/fafer23\/wp-json\/wp\/v2\/product_cat?post=76"},{"taxonomy":"product_tag","embeddable":true,"href":"https:\/\/dev.mintechost.com\/fafer23\/wp-json\/wp\/v2\/product_tag?post=76"}],"curies":[{"name":"wp","href":"https:\/\/api.w.org\/{rel}","templated":true}]}}