{"id":177,"date":"2023-07-11T20:57:24","date_gmt":"2023-07-11T20:57:24","guid":{"rendered":"https:\/\/dev.mintechost.com\/mpi\/?page_id=177"},"modified":"2023-07-26T19:24:01","modified_gmt":"2023-07-26T19:24:01","slug":"contacto","status":"publish","type":"page","link":"https:\/\/dev.mintechost.com\/mpi\/contacto\/","title":{"rendered":"CONTACTO"},"content":{"rendered":"\t\t<div data-elementor-type=\"wp-page\" data-elementor-id=\"177\" class=\"elementor elementor-177\" data-elementor-post-type=\"page\">\n\t\t\t\t\t\t\t\t\t<section class=\"elementor-section elementor-top-section elementor-element elementor-element-bd78746 elementor-section-full_width elementor-section-height-default elementor-section-height-default\" data-id=\"bd78746\" data-element_type=\"section\">\n\t\t\t\t\t\t<div class=\"elementor-container elementor-column-gap-default\">\n\t\t\t\t\t<div class=\"elementor-column elementor-col-50 elementor-top-column elementor-element elementor-element-02c991a\" data-id=\"02c991a\" data-element_type=\"column\" data-settings=\"{&quot;background_background&quot;:&quot;classic&quot;}\">\n\t\t\t<div class=\"elementor-widget-wrap elementor-element-populated\">\n\t\t\t\t\t<div class=\"elementor-background-overlay\"><\/div>\n\t\t\t\t\t\t\t\t<div class=\"elementor-element elementor-element-9386023 elementor-widget elementor-widget-heading\" data-id=\"9386023\" data-element_type=\"widget\" data-widget_type=\"heading.default\">\n\t\t\t\t<div class=\"elementor-widget-container\">\n\t\t\t<style>\/*! elementor - v3.14.0 - 26-06-2023 *\/\n.elementor-heading-title{padding:0;margin:0;line-height:1}.elementor-widget-heading .elementor-heading-title[class*=elementor-size-]>a{color:inherit;font-size:inherit;line-height:inherit}.elementor-widget-heading .elementor-heading-title.elementor-size-small{font-size:15px}.elementor-widget-heading .elementor-heading-title.elementor-size-medium{font-size:19px}.elementor-widget-heading .elementor-heading-title.elementor-size-large{font-size:29px}.elementor-widget-heading .elementor-heading-title.elementor-size-xl{font-size:39px}.elementor-widget-heading .elementor-heading-title.elementor-size-xxl{font-size:59px}<\/style><h5 class=\"elementor-heading-title elementor-size-default\">Servicio al cliente excepcional:<\/h5>\t\t<\/div>\n\t\t\t\t<\/div>\n\t\t\t\t<div class=\"elementor-element elementor-element-dc660b7 elementor-widget elementor-widget-heading\" data-id=\"dc660b7\" data-element_type=\"widget\" data-widget_type=\"heading.default\">\n\t\t\t\t<div class=\"elementor-widget-container\">\n\t\t\t<h2 class=\"elementor-heading-title elementor-size-default\">Nuestras l\u00edneas de atenci\u00f3n<br>\nest\u00e1n aqu\u00ed para ti<\/h2>\t\t<\/div>\n\t\t\t\t<\/div>\n\t\t\t\t<div class=\"elementor-element elementor-element-af09d18 elementor-widget elementor-widget-text-editor\" data-id=\"af09d18\" data-element_type=\"widget\" data-widget_type=\"text-editor.default\">\n\t\t\t\t<div class=\"elementor-widget-container\">\n\t\t\t<style>\/*! elementor - v3.14.0 - 26-06-2023 *\/\n.elementor-widget-text-editor.elementor-drop-cap-view-stacked .elementor-drop-cap{background-color:#69727d;color:#fff}.elementor-widget-text-editor.elementor-drop-cap-view-framed .elementor-drop-cap{color:#69727d;border:3px solid;background-color:transparent}.elementor-widget-text-editor:not(.elementor-drop-cap-view-default) .elementor-drop-cap{margin-top:8px}.elementor-widget-text-editor:not(.elementor-drop-cap-view-default) .elementor-drop-cap-letter{width:1em;height:1em}.elementor-widget-text-editor .elementor-drop-cap{float:left;text-align:center;line-height:1;font-size:50px}.elementor-widget-text-editor .elementor-drop-cap-letter{display:inline-block}<\/style>\t\t\t\t<p>Sabemos lo importante que es para ti recibir respuestas r\u00e1pidas y soluciones efectivas. Es por eso que hemos establecido l\u00edneas de atenci\u00f3n al cliente dedicadas, donde nuestro equipo experto est\u00e1 listo para ayudarte en cualquier momento.<\/p>\t\t\t\t\t\t<\/div>\n\t\t\t\t<\/div>\n\t\t\t\t<section class=\"elementor-section elementor-inner-section elementor-element elementor-element-e37ac06 elementor-section-boxed elementor-section-height-default elementor-section-height-default\" data-id=\"e37ac06\" data-element_type=\"section\">\n\t\t\t\t\t\t<div class=\"elementor-container elementor-column-gap-default\">\n\t\t\t\t\t<div class=\"elementor-column elementor-col-100 elementor-inner-column elementor-element elementor-element-9c8727b\" data-id=\"9c8727b\" data-element_type=\"column\">\n\t\t\t<div class=\"elementor-widget-wrap elementor-element-populated\">\n\t\t\t\t\t\t\t\t<div class=\"elementor-element elementor-element-5f08b84 elementor-widget elementor-widget-heading\" data-id=\"5f08b84\" data-element_type=\"widget\" data-widget_type=\"heading.default\">\n\t\t\t\t<div class=\"elementor-widget-container\">\n\t\t\t<h4 class=\"elementor-heading-title elementor-size-default\">Honduras<\/h4>\t\t<\/div>\n\t\t\t\t<\/div>\n\t\t\t\t<div class=\"elementor-element elementor-element-aaec932 elementor-icon-list--layout-traditional elementor-list-item-link-full_width elementor-widget elementor-widget-icon-list\" data-id=\"aaec932\" data-element_type=\"widget\" data-widget_type=\"icon-list.default\">\n\t\t\t\t<div class=\"elementor-widget-container\">\n\t\t\t<link rel=\"stylesheet\" href=\"https:\/\/dev.mintechost.com\/mpi\/wp-content\/plugins\/elementor\/assets\/css\/widget-icon-list.min.css\">\t\t<ul class=\"elementor-icon-list-items\">\n\t\t\t\t\t\t\t<li class=\"elementor-icon-list-item\">\n\t\t\t\t\t\t\t\t\t\t\t<a href=\"https:\/\/api.whatsapp.com\/send?phone=%2B50433585346&#038;text=Hola+quisiera+informaci%C3%B3n+sobre\">\n\n\t\t\t\t\t\t\t\t\t\t\t\t<span class=\"elementor-icon-list-icon\">\n\t\t\t\t\t\t\t<svg xmlns=\"http:\/\/www.w3.org\/2000\/svg\" width=\"35\" height=\"36\" viewBox=\"0 0 35 36\" fill=\"none\"><g clip-path=\"url(#clip0_265_2731)\"><path d=\"M29.75 0.839966H5.25C2.35051 0.839966 0 3.19047 0 6.08997V30.59C0 33.4895 2.35051 35.84 5.25 35.84H29.75C32.6495 35.84 35 33.4895 35 30.59V6.08997C35 3.19047 32.6495 0.839966 29.75 0.839966Z\" fill=\"#45D354\"><\/path><path d=\"M21.0547 19.5021C20.8496 19.3654 20.6445 19.297 20.4395 19.5704L19.6191 20.6642C19.4141 20.8009 19.2773 20.8693 19.0039 20.7325C17.9785 20.1857 16.543 19.5704 15.3125 17.5197C15.2441 17.2462 15.3809 17.1095 15.5176 16.9728L16.1328 16.0157C16.2695 15.879 16.2012 15.7423 16.1328 15.6056L15.3125 13.6232C15.1074 13.0763 14.9023 13.1447 14.6973 13.1447H14.1504C14.0137 13.1447 13.7402 13.213 13.4668 13.4865C11.9629 14.9904 12.5781 17.1095 13.6719 18.4767C13.877 18.7501 15.2441 21.2111 18.1836 22.5099C20.3711 23.4669 20.8496 23.3302 21.4648 23.1935C22.2168 23.1251 22.9688 22.5099 23.3105 21.8947C23.3789 21.6896 23.7207 20.8009 23.4473 20.6642M18.0469 27.09C15.2441 27.09 13.125 25.5861 13.125 25.5861L9.77539 26.4747L10.5957 23.1935C10.5957 23.1935 9.22852 21.0743 9.22852 18.4083C9.22852 13.4865 13.2617 9.38489 18.252 9.38489C22.9004 9.38489 26.8652 13.0079 26.8652 18.0665C26.8652 22.9884 22.9004 27.0216 18.0469 27.09ZM7.17773 29.0724L12.8516 27.5001C14.4948 28.3414 16.3262 28.7474 18.171 28.6795C20.0159 28.6115 21.8125 28.0719 23.3894 27.112C24.9663 26.1522 26.2708 24.8042 27.1785 23.1967C28.0862 21.5892 28.5667 19.7759 28.5742 17.9298C28.5742 12.0509 23.9258 7.33411 18.0469 7.33411C16.16 7.33893 14.3072 7.83801 12.6732 8.78162C11.0392 9.72524 9.68088 11.0805 8.73356 12.7124C7.78624 14.3442 7.28296 16.1958 7.27385 18.0827C7.26474 19.9696 7.75012 21.826 8.68164 23.4669\" fill=\"white\"><\/path><\/g><defs><clipPath id=\"clip0_265_2731\"><rect width=\"35\" height=\"35\" fill=\"white\" transform=\"translate(0 0.839966)\"><\/rect><\/clipPath><\/defs><\/svg>\t\t\t\t\t\t<\/span>\n\t\t\t\t\t\t\t\t\t\t<span class=\"elementor-icon-list-text\">2516-0107<\/span>\n\t\t\t\t\t\t\t\t\t\t\t<\/a>\n\t\t\t\t\t\t\t\t\t<\/li>\n\t\t\t\t\t\t\t\t<li class=\"elementor-icon-list-item\">\n\t\t\t\t\t\t\t\t\t\t\t<span class=\"elementor-icon-list-icon\">\n\t\t\t\t\t\t\t<i aria-hidden=\"true\" class=\"fas fa-map-marker-alt\"><\/i>\t\t\t\t\t\t<\/span>\n\t\t\t\t\t\t\t\t\t\t<span class=\"elementor-icon-list-text\">Plaza Juan Pablo, salida vieja a La Lima<\/span>\n\t\t\t\t\t\t\t\t\t<\/li>\n\t\t\t\t\t\t<\/ul>\n\t\t\t\t<\/div>\n\t\t\t\t<\/div>\n\t\t\t\t<div class=\"elementor-element elementor-element-313b4f2 elementor-widget elementor-widget-spacer\" data-id=\"313b4f2\" data-element_type=\"widget\" data-widget_type=\"spacer.default\">\n\t\t\t\t<div class=\"elementor-widget-container\">\n\t\t\t<style>\/*! elementor - v3.14.0 - 26-06-2023 *\/\n.elementor-column .elementor-spacer-inner{height:var(--spacer-size)}.e-con{--container-widget-width:100%}.e-con-inner>.elementor-widget-spacer,.e-con>.elementor-widget-spacer{width:var(--container-widget-width,var(--spacer-size));--align-self:var(--container-widget-align-self,initial);--flex-shrink:0}.e-con-inner>.elementor-widget-spacer>.elementor-widget-container,.e-con-inner>.elementor-widget-spacer>.elementor-widget-container>.elementor-spacer,.e-con>.elementor-widget-spacer>.elementor-widget-container,.e-con>.elementor-widget-spacer>.elementor-widget-container>.elementor-spacer{height:100%}.e-con-inner>.elementor-widget-spacer>.elementor-widget-container>.elementor-spacer>.elementor-spacer-inner,.e-con>.elementor-widget-spacer>.elementor-widget-container>.elementor-spacer>.elementor-spacer-inner{height:var(--container-widget-height,var(--spacer-size))}<\/style>\t\t<div class=\"elementor-spacer\">\n\t\t\t<div class=\"elementor-spacer-inner\"><\/div>\n\t\t<\/div>\n\t\t\t\t<\/div>\n\t\t\t\t<\/div>\n\t\t\t\t\t<\/div>\n\t\t<\/div>\n\t\t\t\t\t\t\t<\/div>\n\t\t<\/section>\n\t\t\t\t<section class=\"elementor-section elementor-inner-section elementor-element elementor-element-2fe263b elementor-section-boxed elementor-section-height-default elementor-section-height-default\" data-id=\"2fe263b\" data-element_type=\"section\">\n\t\t\t\t\t\t<div class=\"elementor-container elementor-column-gap-default\">\n\t\t\t\t\t<div class=\"elementor-column elementor-col-100 elementor-inner-column elementor-element elementor-element-4869d8e\" data-id=\"4869d8e\" data-element_type=\"column\">\n\t\t\t<div class=\"elementor-widget-wrap elementor-element-populated\">\n\t\t\t\t\t\t\t\t<div class=\"elementor-element elementor-element-4599ba4 elementor-widget elementor-widget-heading\" data-id=\"4599ba4\" data-element_type=\"widget\" data-widget_type=\"heading.default\">\n\t\t\t\t<div class=\"elementor-widget-container\">\n\t\t\t<h4 class=\"elementor-heading-title elementor-size-default\">Per\u00fa<\/h4>\t\t<\/div>\n\t\t\t\t<\/div>\n\t\t\t\t<div class=\"elementor-element elementor-element-ce12bd8 elementor-icon-list--layout-traditional elementor-list-item-link-full_width elementor-widget elementor-widget-icon-list\" data-id=\"ce12bd8\" data-element_type=\"widget\" data-widget_type=\"icon-list.default\">\n\t\t\t\t<div class=\"elementor-widget-container\">\n\t\t\t\t\t<ul class=\"elementor-icon-list-items\">\n\t\t\t\t\t\t\t<li class=\"elementor-icon-list-item\">\n\t\t\t\t\t\t\t\t\t\t\t<a href=\"https:\/\/api.whatsapp.com\/send?phone=%2B51977465000&#038;text=Hola+quisiera+informaci%C3%B3n+sobre\">\n\n\t\t\t\t\t\t\t\t\t\t\t\t<span class=\"elementor-icon-list-icon\">\n\t\t\t\t\t\t\t<svg xmlns=\"http:\/\/www.w3.org\/2000\/svg\" width=\"35\" height=\"36\" viewBox=\"0 0 35 36\" fill=\"none\"><g clip-path=\"url(#clip0_265_2731)\"><path d=\"M29.75 0.839966H5.25C2.35051 0.839966 0 3.19047 0 6.08997V30.59C0 33.4895 2.35051 35.84 5.25 35.84H29.75C32.6495 35.84 35 33.4895 35 30.59V6.08997C35 3.19047 32.6495 0.839966 29.75 0.839966Z\" fill=\"#45D354\"><\/path><path d=\"M21.0547 19.5021C20.8496 19.3654 20.6445 19.297 20.4395 19.5704L19.6191 20.6642C19.4141 20.8009 19.2773 20.8693 19.0039 20.7325C17.9785 20.1857 16.543 19.5704 15.3125 17.5197C15.2441 17.2462 15.3809 17.1095 15.5176 16.9728L16.1328 16.0157C16.2695 15.879 16.2012 15.7423 16.1328 15.6056L15.3125 13.6232C15.1074 13.0763 14.9023 13.1447 14.6973 13.1447H14.1504C14.0137 13.1447 13.7402 13.213 13.4668 13.4865C11.9629 14.9904 12.5781 17.1095 13.6719 18.4767C13.877 18.7501 15.2441 21.2111 18.1836 22.5099C20.3711 23.4669 20.8496 23.3302 21.4648 23.1935C22.2168 23.1251 22.9688 22.5099 23.3105 21.8947C23.3789 21.6896 23.7207 20.8009 23.4473 20.6642M18.0469 27.09C15.2441 27.09 13.125 25.5861 13.125 25.5861L9.77539 26.4747L10.5957 23.1935C10.5957 23.1935 9.22852 21.0743 9.22852 18.4083C9.22852 13.4865 13.2617 9.38489 18.252 9.38489C22.9004 9.38489 26.8652 13.0079 26.8652 18.0665C26.8652 22.9884 22.9004 27.0216 18.0469 27.09ZM7.17773 29.0724L12.8516 27.5001C14.4948 28.3414 16.3262 28.7474 18.171 28.6795C20.0159 28.6115 21.8125 28.0719 23.3894 27.112C24.9663 26.1522 26.2708 24.8042 27.1785 23.1967C28.0862 21.5892 28.5667 19.7759 28.5742 17.9298C28.5742 12.0509 23.9258 7.33411 18.0469 7.33411C16.16 7.33893 14.3072 7.83801 12.6732 8.78162C11.0392 9.72524 9.68088 11.0805 8.73356 12.7124C7.78624 14.3442 7.28296 16.1958 7.27385 18.0827C7.26474 19.9696 7.75012 21.826 8.68164 23.4669\" fill=\"white\"><\/path><\/g><defs><clipPath id=\"clip0_265_2731\"><rect width=\"35\" height=\"35\" fill=\"white\" transform=\"translate(0 0.839966)\"><\/rect><\/clipPath><\/defs><\/svg>\t\t\t\t\t\t<\/span>\n\t\t\t\t\t\t\t\t\t\t<span class=\"elementor-icon-list-text\">(+51) 977465000<\/span>\n\t\t\t\t\t\t\t\t\t\t\t<\/a>\n\t\t\t\t\t\t\t\t\t<\/li>\n\t\t\t\t\t\t\t\t<li class=\"elementor-icon-list-item\">\n\t\t\t\t\t\t\t\t\t\t\t<span class=\"elementor-icon-list-icon\">\n\t\t\t\t\t\t\t<i aria-hidden=\"true\" class=\"fas fa-map-marker-alt\"><\/i>\t\t\t\t\t\t<\/span>\n\t\t\t\t\t\t\t\t\t\t<span class=\"elementor-icon-list-text\">San Juan de Lurigancho, Per\u00fa<\/span>\n\t\t\t\t\t\t\t\t\t<\/li>\n\t\t\t\t\t\t<\/ul>\n\t\t\t\t<\/div>\n\t\t\t\t<\/div>\n\t\t\t\t<div class=\"elementor-element elementor-element-a6a8737 elementor-widget elementor-widget-spacer\" data-id=\"a6a8737\" data-element_type=\"widget\" data-widget_type=\"spacer.default\">\n\t\t\t\t<div class=\"elementor-widget-container\">\n\t\t\t\t\t<div class=\"elementor-spacer\">\n\t\t\t<div class=\"elementor-spacer-inner\"><\/div>\n\t\t<\/div>\n\t\t\t\t<\/div>\n\t\t\t\t<\/div>\n\t\t\t\t\t<\/div>\n\t\t<\/div>\n\t\t\t\t\t\t\t<\/div>\n\t\t<\/section>\n\t\t\t\t<section class=\"elementor-section elementor-inner-section elementor-element elementor-element-6b29e61 elementor-section-boxed elementor-section-height-default elementor-section-height-default\" data-id=\"6b29e61\" data-element_type=\"section\">\n\t\t\t\t\t\t<div class=\"elementor-container elementor-column-gap-default\">\n\t\t\t\t\t<div class=\"elementor-column elementor-col-100 elementor-inner-column elementor-element elementor-element-82d4736\" data-id=\"82d4736\" data-element_type=\"column\">\n\t\t\t<div class=\"elementor-widget-wrap elementor-element-populated\">\n\t\t\t\t\t\t\t\t<div class=\"elementor-element elementor-element-310885b elementor-widget elementor-widget-heading\" data-id=\"310885b\" data-element_type=\"widget\" data-widget_type=\"heading.default\">\n\t\t\t\t<div class=\"elementor-widget-container\">\n\t\t\t<h4 class=\"elementor-heading-title elementor-size-default\">M\u00e9xico<\/h4>\t\t<\/div>\n\t\t\t\t<\/div>\n\t\t\t\t<div class=\"elementor-element elementor-element-b0d6d60 elementor-icon-list--layout-traditional elementor-list-item-link-full_width elementor-widget elementor-widget-icon-list\" data-id=\"b0d6d60\" data-element_type=\"widget\" data-widget_type=\"icon-list.default\">\n\t\t\t\t<div class=\"elementor-widget-container\">\n\t\t\t\t\t<ul class=\"elementor-icon-list-items\">\n\t\t\t\t\t\t\t<li class=\"elementor-icon-list-item\">\n\t\t\t\t\t\t\t\t\t\t\t<a href=\"https:\/\/api.whatsapp.com\/send?phone=%2B5534289162&#038;text=Hola+quisiera+informaci%C3%B3n+sobre\">\n\n\t\t\t\t\t\t\t\t\t\t\t\t<span class=\"elementor-icon-list-icon\">\n\t\t\t\t\t\t\t<svg xmlns=\"http:\/\/www.w3.org\/2000\/svg\" width=\"35\" height=\"36\" viewBox=\"0 0 35 36\" fill=\"none\"><g clip-path=\"url(#clip0_265_2731)\"><path d=\"M29.75 0.839966H5.25C2.35051 0.839966 0 3.19047 0 6.08997V30.59C0 33.4895 2.35051 35.84 5.25 35.84H29.75C32.6495 35.84 35 33.4895 35 30.59V6.08997C35 3.19047 32.6495 0.839966 29.75 0.839966Z\" fill=\"#45D354\"><\/path><path d=\"M21.0547 19.5021C20.8496 19.3654 20.6445 19.297 20.4395 19.5704L19.6191 20.6642C19.4141 20.8009 19.2773 20.8693 19.0039 20.7325C17.9785 20.1857 16.543 19.5704 15.3125 17.5197C15.2441 17.2462 15.3809 17.1095 15.5176 16.9728L16.1328 16.0157C16.2695 15.879 16.2012 15.7423 16.1328 15.6056L15.3125 13.6232C15.1074 13.0763 14.9023 13.1447 14.6973 13.1447H14.1504C14.0137 13.1447 13.7402 13.213 13.4668 13.4865C11.9629 14.9904 12.5781 17.1095 13.6719 18.4767C13.877 18.7501 15.2441 21.2111 18.1836 22.5099C20.3711 23.4669 20.8496 23.3302 21.4648 23.1935C22.2168 23.1251 22.9688 22.5099 23.3105 21.8947C23.3789 21.6896 23.7207 20.8009 23.4473 20.6642M18.0469 27.09C15.2441 27.09 13.125 25.5861 13.125 25.5861L9.77539 26.4747L10.5957 23.1935C10.5957 23.1935 9.22852 21.0743 9.22852 18.4083C9.22852 13.4865 13.2617 9.38489 18.252 9.38489C22.9004 9.38489 26.8652 13.0079 26.8652 18.0665C26.8652 22.9884 22.9004 27.0216 18.0469 27.09ZM7.17773 29.0724L12.8516 27.5001C14.4948 28.3414 16.3262 28.7474 18.171 28.6795C20.0159 28.6115 21.8125 28.0719 23.3894 27.112C24.9663 26.1522 26.2708 24.8042 27.1785 23.1967C28.0862 21.5892 28.5667 19.7759 28.5742 17.9298C28.5742 12.0509 23.9258 7.33411 18.0469 7.33411C16.16 7.33893 14.3072 7.83801 12.6732 8.78162C11.0392 9.72524 9.68088 11.0805 8.73356 12.7124C7.78624 14.3442 7.28296 16.1958 7.27385 18.0827C7.26474 19.9696 7.75012 21.826 8.68164 23.4669\" fill=\"white\"><\/path><\/g><defs><clipPath id=\"clip0_265_2731\"><rect width=\"35\" height=\"35\" fill=\"white\" transform=\"translate(0 0.839966)\"><\/rect><\/clipPath><\/defs><\/svg>\t\t\t\t\t\t<\/span>\n\t\t\t\t\t\t\t\t\t\t<span class=\"elementor-icon-list-text\">(+52) 1 55 3428 9162<\/span>\n\t\t\t\t\t\t\t\t\t\t\t<\/a>\n\t\t\t\t\t\t\t\t\t<\/li>\n\t\t\t\t\t\t\t\t<li class=\"elementor-icon-list-item\">\n\t\t\t\t\t\t\t\t\t\t\t<span class=\"elementor-icon-list-icon\">\n\t\t\t\t\t\t\t<i aria-hidden=\"true\" class=\"fas fa-map-marker-alt\"><\/i>\t\t\t\t\t\t<\/span>\n\t\t\t\t\t\t\t\t\t\t<span class=\"elementor-icon-list-text\">Angel Albino Corzo 2605, M\u00e9xico City, Mexico, 07860<\/span>\n\t\t\t\t\t\t\t\t\t<\/li>\n\t\t\t\t\t\t<\/ul>\n\t\t\t\t<\/div>\n\t\t\t\t<\/div>\n\t\t\t\t<div class=\"elementor-element elementor-element-fb96923 elementor-widget elementor-widget-spacer\" data-id=\"fb96923\" data-element_type=\"widget\" data-widget_type=\"spacer.default\">\n\t\t\t\t<div class=\"elementor-widget-container\">\n\t\t\t\t\t<div class=\"elementor-spacer\">\n\t\t\t<div class=\"elementor-spacer-inner\"><\/div>\n\t\t<\/div>\n\t\t\t\t<\/div>\n\t\t\t\t<\/div>\n\t\t\t\t\t<\/div>\n\t\t<\/div>\n\t\t\t\t\t\t\t<\/div>\n\t\t<\/section>\n\t\t\t\t\t<\/div>\n\t\t<\/div>\n\t\t\t\t<div class=\"elementor-column elementor-col-50 elementor-top-column elementor-element elementor-element-76ca818\" data-id=\"76ca818\" data-element_type=\"column\">\n\t\t\t<div class=\"elementor-widget-wrap elementor-element-populated\">\n\t\t\t\t\t\t\t\t<div class=\"elementor-element elementor-element-33ef8ae elementor-widget elementor-widget-heading\" data-id=\"33ef8ae\" data-element_type=\"widget\" data-widget_type=\"heading.default\">\n\t\t\t\t<div class=\"elementor-widget-container\">\n\t\t\t<h2 class=\"elementor-heading-title elementor-size-default\">Env\u00edanos un mensaje<\/h2>\t\t<\/div>\n\t\t\t\t<\/div>\n\t\t\t\t<div class=\"elementor-element elementor-element-7cc42aa elementor-widget elementor-widget-shortcode\" data-id=\"7cc42aa\" data-element_type=\"widget\" data-widget_type=\"shortcode.default\">\n\t\t\t\t<div class=\"elementor-widget-container\">\n\t\t\t\t\t<div class=\"elementor-shortcode\"><script type=\"text\/javascript\" src=\"https:\/\/api.clientify.net\/web-marketing\/webforms\/script\/142904.js\"><\/script><\/div>\n\t\t\t\t<\/div>\n\t\t\t\t<\/div>\n\t\t\t\t\t<\/div>\n\t\t<\/div>\n\t\t\t\t\t\t\t<\/div>\n\t\t<\/section>\n\t\t\t\t\t\t\t<\/div>\n\t\t","protected":false},"excerpt":{"rendered":"<p>Servicio al cliente excepcional: Nuestras l\u00edneas de atenci\u00f3n est\u00e1n aqu\u00ed para ti Sabemos lo importante que es para ti recibir respuestas r\u00e1pidas y soluciones efectivas. Es por eso que hemos establecido l\u00edneas de atenci\u00f3n al cliente dedicadas, donde nuestro equipo experto est\u00e1 listo para ayudarte en cualquier momento. Honduras 2516-0107 Plaza Juan Pablo, salida vieja [&hellip;]<\/p>\n","protected":false},"author":1,"featured_media":0,"parent":0,"menu_order":0,"comment_status":"closed","ping_status":"closed","template":"","meta":{"footnotes":""},"class_list":["post-177","page","type-page","status-publish","hentry"],"_links":{"self":[{"href":"https:\/\/dev.mintechost.com\/mpi\/wp-json\/wp\/v2\/pages\/177","targetHints":{"allow":["GET"]}}],"collection":[{"href":"https:\/\/dev.mintechost.com\/mpi\/wp-json\/wp\/v2\/pages"}],"about":[{"href":"https:\/\/dev.mintechost.com\/mpi\/wp-json\/wp\/v2\/types\/page"}],"author":[{"embeddable":true,"href":"https:\/\/dev.mintechost.com\/mpi\/wp-json\/wp\/v2\/users\/1"}],"replies":[{"embeddable":true,"href":"https:\/\/dev.mintechost.com\/mpi\/wp-json\/wp\/v2\/comments?post=177"}],"version-history":[{"count":34,"href":"https:\/\/dev.mintechost.com\/mpi\/wp-json\/wp\/v2\/pages\/177\/revisions"}],"predecessor-version":[{"id":743,"href":"https:\/\/dev.mintechost.com\/mpi\/wp-json\/wp\/v2\/pages\/177\/revisions\/743"}],"wp:attachment":[{"href":"https:\/\/dev.mintechost.com\/mpi\/wp-json\/wp\/v2\/media?parent=177"}],"curies":[{"name":"wp","href":"https:\/\/api.w.org\/{rel}","templated":true}]}}