{"id":857,"date":"2023-09-11T18:50:03","date_gmt":"2023-09-11T18:50:03","guid":{"rendered":"https:\/\/dev.mintechost.com\/tech4dev\/?page_id=857"},"modified":"2023-10-17T18:54:20","modified_gmt":"2023-10-17T18:54:20","slug":"recursos","status":"publish","type":"page","link":"https:\/\/dev.mintechost.com\/tech4dev\/recursos\/","title":{"rendered":"Recursos"},"content":{"rendered":"\t\t<div data-elementor-type=\"wp-page\" data-elementor-id=\"857\" class=\"elementor elementor-857\" data-elementor-post-type=\"page\">\n\t\t\t\t\t\t\t\t\t<section class=\"elementor-section elementor-top-section elementor-element elementor-element-9f7048f elementor-section-full_width elementor-section-height-default elementor-section-height-default\" data-id=\"9f7048f\" data-element_type=\"section\" data-settings=\"{&quot;background_background&quot;:&quot;classic&quot;}\">\n\t\t\t\t\t\t\t<div class=\"elementor-background-overlay\"><\/div>\n\t\t\t\t\t\t\t<div class=\"elementor-container elementor-column-gap-default\">\n\t\t\t\t\t<div class=\"elementor-column elementor-col-100 elementor-top-column elementor-element elementor-element-419977b\" data-id=\"419977b\" data-element_type=\"column\">\n\t\t\t<div class=\"elementor-widget-wrap elementor-element-populated\">\n\t\t\t\t\t\t\t\t<section class=\"elementor-section elementor-inner-section elementor-element elementor-element-ec0e426 elementor-section-boxed elementor-section-height-default elementor-section-height-default\" data-id=\"ec0e426\" data-element_type=\"section\">\n\t\t\t\t\t\t<div class=\"elementor-container elementor-column-gap-default\">\n\t\t\t\t\t<div class=\"elementor-column elementor-col-100 elementor-inner-column elementor-element elementor-element-d6bd8cf\" data-id=\"d6bd8cf\" data-element_type=\"column\">\n\t\t\t<div class=\"elementor-widget-wrap elementor-element-populated\">\n\t\t\t\t\t\t\t\t<div class=\"elementor-element elementor-element-fa1dfc2 elementor-widget elementor-widget-text-editor\" data-id=\"fa1dfc2\" data-element_type=\"widget\" data-widget_type=\"text-editor.default\">\n\t\t\t\t<div class=\"elementor-widget-container\">\n\t\t\t<style>\/*! elementor - v3.16.0 - 20-09-2023 *\/\n.elementor-widget-text-editor.elementor-drop-cap-view-stacked .elementor-drop-cap{background-color:#69727d;color:#fff}.elementor-widget-text-editor.elementor-drop-cap-view-framed .elementor-drop-cap{color:#69727d;border:3px solid;background-color:transparent}.elementor-widget-text-editor:not(.elementor-drop-cap-view-default) .elementor-drop-cap{margin-top:8px}.elementor-widget-text-editor:not(.elementor-drop-cap-view-default) .elementor-drop-cap-letter{width:1em;height:1em}.elementor-widget-text-editor .elementor-drop-cap{float:left;text-align:center;line-height:1;font-size:50px}.elementor-widget-text-editor .elementor-drop-cap-letter{display:inline-block}<\/style>\t\t\t\t<p>Al ser una iniciativa de formaci\u00f3n de emprendedores, Tech4Dev gener\u00f3 manuales, clips y estudios dentro del marco de su per\u00edodo de ejecuci\u00f3n y que hoy est\u00e1n disponibles para las instituciones y la comunidad de emprendimiento e innovaci\u00f3n.\u00a0<\/p><p>En Tech4Dev nos encantar\u00eda que estos recursos contin\u00faen siendo \u00fatiles para los emprendedores y so\u00f1adores de Honduras, as\u00ed que te invitamos a descargarlos.<\/p>\t\t\t\t\t\t<\/div>\n\t\t\t\t<\/div>\n\t\t\t\t\t<\/div>\n\t\t<\/div>\n\t\t\t\t\t\t\t<\/div>\n\t\t<\/section>\n\t\t\t\t\t<\/div>\n\t\t<\/div>\n\t\t\t\t\t\t\t<\/div>\n\t\t<\/section>\n\t\t\t\t<section class=\"elementor-section elementor-top-section elementor-element elementor-element-5d52865 elementor-section-full_width elementor-section-height-default elementor-section-height-default\" data-id=\"5d52865\" data-element_type=\"section\" data-settings=\"{&quot;background_background&quot;:&quot;classic&quot;}\">\n\t\t\t\t\t\t<div class=\"elementor-container elementor-column-gap-default\">\n\t\t\t\t\t<div class=\"elementor-column elementor-col-100 elementor-top-column elementor-element elementor-element-26583f7\" data-id=\"26583f7\" data-element_type=\"column\">\n\t\t\t<div class=\"elementor-widget-wrap elementor-element-populated\">\n\t\t\t\t\t\t\t\t<section class=\"elementor-section elementor-inner-section elementor-element elementor-element-b10b28d elementor-section-boxed elementor-section-height-default elementor-section-height-default\" data-id=\"b10b28d\" data-element_type=\"section\">\n\t\t\t\t\t\t<div class=\"elementor-container elementor-column-gap-default\">\n\t\t\t\t\t<div class=\"make-column-clickable-elementor elementor-column elementor-col-25 elementor-inner-column elementor-element elementor-element-16966f6\" style=\"cursor: pointer;\" data-column-clickable=\"https:\/\/dev.mintechost.com\/tech4dev\/manuales-de-procesos\/\" data-column-clickable-blank=\"_self\" data-id=\"16966f6\" data-element_type=\"column\" data-settings=\"{&quot;background_background&quot;:&quot;classic&quot;}\">\n\t\t\t<div class=\"elementor-widget-wrap elementor-element-populated\">\n\t\t\t\t\t<div class=\"elementor-background-overlay\"><\/div>\n\t\t\t\t\t\t\t\t<div class=\"elementor-element elementor-element-fe4d6ab elementor-view-default elementor-widget elementor-widget-icon\" data-id=\"fe4d6ab\" data-element_type=\"widget\" data-widget_type=\"icon.default\">\n\t\t\t\t<div class=\"elementor-widget-container\">\n\t\t\t\t\t<div class=\"elementor-icon-wrapper\">\n\t\t\t<a class=\"elementor-icon\" href=\"https:\/\/dev.mintechost.com\/tech4dev\/manuales-de-procesos\/\">\n\t\t\t<svg xmlns=\"http:\/\/www.w3.org\/2000\/svg\" width=\"60\" height=\"59\" viewBox=\"0 0 60 59\" fill=\"none\"><path d=\"M30 57.3571V34.8571C30 33.4363 30.5644 32.0737 31.5691 31.0691C32.5737 30.0644 33.9363 29.5 35.3571 29.5C36.7779 29.5 38.1406 30.0644 39.1452 31.0691C40.1499 32.0737 40.7143 33.4363 40.7143 34.8571V46.6429H49.2857C51.559 46.6429 53.7392 47.5459 55.3466 49.1534C56.9541 50.7608 57.8571 52.941 57.8571 55.2143V57.3571\" stroke=\"#F8F8F8\" stroke-width=\"3.21429\" stroke-linecap=\"round\" stroke-linejoin=\"round\"><\/path><path d=\"M26.8157 12.7644C21.4735 6.88829 14.306 2.98518 6.47143 1.68581C5.93333 1.60975 5.38518 1.65008 4.864 1.80408C4.34283 1.95808 3.86078 2.22216 3.45044 2.57846C3.0401 2.93477 2.71102 3.37501 2.48544 3.86943C2.25986 4.36385 2.14303 4.90093 2.14286 5.44438V36.0015C2.13711 36.9399 2.47901 37.8471 3.10262 38.5483C3.72624 39.2495 4.58739 39.6949 5.52001 39.7987C11.6048 40.6232 17.3675 43.0273 22.2343 46.7715\" stroke=\"#F8F8F8\" stroke-width=\"3.21429\" stroke-linecap=\"round\" stroke-linejoin=\"round\"><\/path><path d=\"M26.82 24.6056V12.7642\" stroke=\"#F8F8F8\" stroke-width=\"3.21429\" stroke-linecap=\"round\" stroke-linejoin=\"round\"><\/path><path d=\"M48.1114 39.7943C49.0448 39.6915 49.907 39.2465 50.5315 38.5452C51.156 37.8439 51.4985 36.9361 51.4929 35.9971V5.43999C51.4927 4.89654 51.3759 4.35946 51.1503 3.86504C50.9247 3.37062 50.5956 2.93038 50.1853 2.57407C49.7749 2.21776 49.2929 1.95369 48.7717 1.79969C48.2506 1.64569 47.7024 1.60536 47.1643 1.68142C39.3278 2.98135 32.1586 6.88602 26.8157 12.7643\" stroke=\"#F8F8F8\" stroke-width=\"3.21429\" stroke-linecap=\"round\" stroke-linejoin=\"round\"><\/path><\/svg>\t\t\t<\/a>\n\t\t<\/div>\n\t\t\t\t<\/div>\n\t\t\t\t<\/div>\n\t\t\t\t<div class=\"elementor-element elementor-element-aa3f0e8 elementor-widget elementor-widget-heading\" data-id=\"aa3f0e8\" data-element_type=\"widget\" data-widget_type=\"heading.default\">\n\t\t\t\t<div class=\"elementor-widget-container\">\n\t\t\t<style>\/*! elementor - v3.16.0 - 20-09-2023 *\/\n.elementor-heading-title{padding:0;margin:0;line-height:1}.elementor-widget-heading .elementor-heading-title[class*=elementor-size-]>a{color:inherit;font-size:inherit;line-height:inherit}.elementor-widget-heading .elementor-heading-title.elementor-size-small{font-size:15px}.elementor-widget-heading .elementor-heading-title.elementor-size-medium{font-size:19px}.elementor-widget-heading .elementor-heading-title.elementor-size-large{font-size:29px}.elementor-widget-heading .elementor-heading-title.elementor-size-xl{font-size:39px}.elementor-widget-heading .elementor-heading-title.elementor-size-xxl{font-size:59px}<\/style><h2 class=\"elementor-heading-title elementor-size-default\"><a href=\"https:\/\/dev.mintechost.com\/tech4dev\/manuales-de-procesos\/\">manuales<br>\nde procesos<\/a><\/h2>\t\t<\/div>\n\t\t\t\t<\/div>\n\t\t\t\t<div class=\"elementor-element elementor-element-f299e74 elementor-widget elementor-widget-heading\" data-id=\"f299e74\" data-element_type=\"widget\" data-widget_type=\"heading.default\">\n\t\t\t\t<div class=\"elementor-widget-container\">\n\t\t\t<h2 class=\"elementor-heading-title elementor-size-default\"><a href=\"https:\/\/dev.mintechost.com\/tech4dev\/manuales-de-procesos\/\">Ver todos<\/a><\/h2>\t\t<\/div>\n\t\t\t\t<\/div>\n\t\t\t\t\t<\/div>\n\t\t<\/div>\n\t\t\t\t<div class=\"make-column-clickable-elementor elementor-column elementor-col-25 elementor-inner-column elementor-element elementor-element-37f5c6d\" style=\"cursor: pointer;\" data-column-clickable=\"https:\/\/dev.mintechost.com\/tech4dev\/programa-asincrono\/\" data-column-clickable-blank=\"_self\" data-id=\"37f5c6d\" data-element_type=\"column\" data-settings=\"{&quot;background_background&quot;:&quot;classic&quot;}\">\n\t\t\t<div class=\"elementor-widget-wrap elementor-element-populated\">\n\t\t\t\t\t<div class=\"elementor-background-overlay\"><\/div>\n\t\t\t\t\t\t\t\t<div class=\"elementor-element elementor-element-21d39bc elementor-view-default elementor-widget elementor-widget-icon\" data-id=\"21d39bc\" data-element_type=\"widget\" data-widget_type=\"icon.default\">\n\t\t\t\t<div class=\"elementor-widget-container\">\n\t\t\t\t\t<div class=\"elementor-icon-wrapper\">\n\t\t\t<a class=\"elementor-icon\" href=\"https:\/\/dev.mintechost.com\/tech4dev\/programa-asincrono\/\">\n\t\t\t<svg xmlns=\"http:\/\/www.w3.org\/2000\/svg\" width=\"61\" height=\"61\" viewBox=\"0 0 61 61\" fill=\"none\"><g clip-path=\"url(#clip0_536_522)\"><path d=\"M15.5 28.3574C17.1884 28.3574 18.8603 28.0248 20.4202 27.3787C21.9801 26.7325 23.3975 25.7855 24.5914 24.5916C25.7853 23.3977 26.7323 21.9803 27.3785 20.4204C28.0246 18.8605 28.3572 17.1886 28.3572 15.5002C28.3572 13.8118 28.0246 12.1399 27.3785 10.58C26.7323 9.02009 25.7853 7.60273 24.5914 6.40884C23.3975 5.21494 21.9801 4.26789 20.4202 3.62176C18.8603 2.97563 17.1884 2.64307 15.5 2.64307C12.0901 2.64307 8.81983 3.99765 6.40865 6.40884C3.99747 8.82002 2.64288 12.0903 2.64288 15.5002C2.64288 18.9101 3.99747 22.1804 6.40865 24.5916C8.81983 27.0028 12.0901 28.3574 15.5 28.3574Z\" stroke=\"#F8F8F8\" stroke-width=\"4.28571\" stroke-linecap=\"round\" stroke-linejoin=\"round\"><\/path><path d=\"M45.5 28.3572C47.7733 28.3572 49.9535 27.4542 51.5609 25.8467C53.1684 24.2392 54.0714 22.0591 54.0714 19.7858C54.0714 17.5125 53.1684 15.3323 51.5609 13.7249C49.9535 12.1174 47.7733 11.2144 45.5 11.2144C43.2267 11.2144 41.0466 12.1174 39.4391 13.7249C37.8316 15.3323 36.9286 17.5125 36.9286 19.7858C36.9286 22.0591 37.8316 24.2392 39.4391 25.8467C41.0466 27.4542 43.2267 28.3572 45.5 28.3572Z\" stroke=\"#F8F8F8\" stroke-width=\"4.28571\" stroke-linecap=\"round\" stroke-linejoin=\"round\"><\/path><path d=\"M43.3571 39.0718H19.7857C18.6491 39.0718 17.559 39.5233 16.7553 40.327C15.9515 41.1308 15.5 42.2208 15.5 43.3575V54.0718C15.5 55.2084 15.9515 56.2985 16.7553 57.1022C17.559 57.906 18.6491 58.3575 19.7857 58.3575H43.3571C44.4938 58.3575 45.5839 57.906 46.3876 57.1022C47.1913 56.2985 47.6429 55.2084 47.6429 54.0718V43.3575C47.6429 42.2208 47.1913 41.1308 46.3876 40.327C45.5839 39.5233 44.4938 39.0718 43.3571 39.0718Z\" stroke=\"#F8F8F8\" stroke-width=\"4.28571\" stroke-linecap=\"round\" stroke-linejoin=\"round\"><\/path><path d=\"M58.3572 43.3574V54.0717\" stroke=\"#F8F8F8\" stroke-width=\"4.28571\" stroke-linecap=\"round\" stroke-linejoin=\"round\"><\/path><\/g><defs><clipPath id=\"clip0_536_522\"><rect width=\"60\" height=\"60\" fill=\"white\" transform=\"translate(0.5 0.5)\"><\/rect><\/clipPath><\/defs><\/svg>\t\t\t<\/a>\n\t\t<\/div>\n\t\t\t\t<\/div>\n\t\t\t\t<\/div>\n\t\t\t\t<div class=\"elementor-element elementor-element-f06ffdc elementor-widget elementor-widget-heading\" data-id=\"f06ffdc\" data-element_type=\"widget\" data-widget_type=\"heading.default\">\n\t\t\t\t<div class=\"elementor-widget-container\">\n\t\t\t<h2 class=\"elementor-heading-title elementor-size-default\"><a href=\"https:\/\/dev.mintechost.com\/tech4dev\/programa-asincrono\/\">programa<br>\nas\u00edncrono<\/a><\/h2>\t\t<\/div>\n\t\t\t\t<\/div>\n\t\t\t\t<div class=\"elementor-element elementor-element-1063fb8 elementor-widget elementor-widget-heading\" data-id=\"1063fb8\" data-element_type=\"widget\" data-widget_type=\"heading.default\">\n\t\t\t\t<div class=\"elementor-widget-container\">\n\t\t\t<h2 class=\"elementor-heading-title elementor-size-default\"><a href=\"https:\/\/dev.mintechost.com\/tech4dev\/programa-asincrono\/\">Ver todos<\/a><\/h2>\t\t<\/div>\n\t\t\t\t<\/div>\n\t\t\t\t\t<\/div>\n\t\t<\/div>\n\t\t\t\t<div class=\"make-column-clickable-elementor elementor-column elementor-col-25 elementor-inner-column elementor-element elementor-element-8d71c4d\" style=\"cursor: pointer;\" data-column-clickable=\"https:\/\/dev.mintechost.com\/tech4dev\/estudios-realizados\/\" data-column-clickable-blank=\"_self\" data-id=\"8d71c4d\" data-element_type=\"column\" data-settings=\"{&quot;background_background&quot;:&quot;classic&quot;}\">\n\t\t\t<div class=\"elementor-widget-wrap elementor-element-populated\">\n\t\t\t\t\t<div class=\"elementor-background-overlay\"><\/div>\n\t\t\t\t\t\t\t\t<div class=\"elementor-element elementor-element-b4f0f25 elementor-view-default elementor-widget elementor-widget-icon\" data-id=\"b4f0f25\" data-element_type=\"widget\" data-widget_type=\"icon.default\">\n\t\t\t\t<div class=\"elementor-widget-container\">\n\t\t\t\t\t<div class=\"elementor-icon-wrapper\">\n\t\t\t<a class=\"elementor-icon\" href=\"https:\/\/dev.mintechost.com\/tech4dev\/estudios-realizados\/\">\n\t\t\t<svg xmlns=\"http:\/\/www.w3.org\/2000\/svg\" width=\"60\" height=\"61\" viewBox=\"0 0 60 61\" fill=\"none\"><g clip-path=\"url(#clip0_536_424)\"><path d=\"M34.2857 2.64307H6.42854C5.29189 2.64307 4.20181 3.0946 3.39808 3.89832C2.59435 4.70205 2.14282 5.79214 2.14282 6.92878V54.0716C2.14282 55.2083 2.59435 56.2984 3.39808 57.1021C4.20181 57.9058 5.29189 58.3574 6.42854 58.3574H45C46.1366 58.3574 47.2267 57.9058 48.0304 57.1021C48.8341 56.2984 49.2857 55.2083 49.2857 54.0716V34.7859\" stroke=\"#F8F8F8\" stroke-width=\"4.28571\" stroke-linecap=\"round\" stroke-linejoin=\"round\"><\/path><path d=\"M2.14282 45.5H49.2857\" stroke=\"#F8F8F8\" stroke-width=\"4.28571\" stroke-linecap=\"round\" stroke-linejoin=\"round\"><\/path><path d=\"M15 13.3574H23.5714\" stroke=\"#F8F8F8\" stroke-width=\"4.28571\" stroke-linecap=\"round\" stroke-linejoin=\"round\"><\/path><path d=\"M15 24.0718H19.2857\" stroke=\"#F8F8F8\" stroke-width=\"4.28571\" stroke-linecap=\"round\" stroke-linejoin=\"round\"><\/path><path d=\"M38.5456 32.6689L25.6885 34.9832L27.8313 21.9546L45.9599 3.91175C46.3583 3.51006 46.8323 3.19122 47.3546 2.97364C47.8768 2.75606 48.437 2.64404 49.0028 2.64404C49.5685 2.64404 50.1287 2.75606 50.6509 2.97364C51.1732 3.19122 51.6472 3.51006 52.0456 3.91175L56.5885 8.45461C56.9912 8.85243 57.311 9.32625 57.5292 9.84858C57.7474 10.3709 57.8598 10.9314 57.8598 11.4975C57.8598 12.0636 57.7474 12.624 57.5292 13.1463C57.311 13.6687 56.9912 14.1425 56.5885 14.5403L38.5456 32.6689Z\" stroke=\"#F8F8F8\" stroke-width=\"4.28571\" stroke-linecap=\"round\" stroke-linejoin=\"round\"><\/path><\/g><defs><clipPath id=\"clip0_536_424\"><rect width=\"60\" height=\"60\" fill=\"white\" transform=\"translate(0 0.5)\"><\/rect><\/clipPath><\/defs><\/svg>\t\t\t<\/a>\n\t\t<\/div>\n\t\t\t\t<\/div>\n\t\t\t\t<\/div>\n\t\t\t\t<div class=\"elementor-element elementor-element-2793dc3 elementor-widget elementor-widget-heading\" data-id=\"2793dc3\" data-element_type=\"widget\" data-widget_type=\"heading.default\">\n\t\t\t\t<div class=\"elementor-widget-container\">\n\t\t\t<h2 class=\"elementor-heading-title elementor-size-default\"><a href=\"https:\/\/dev.mintechost.com\/tech4dev\/estudios-realizados\/\">estudios<br>\nrealizados<\/a><\/h2>\t\t<\/div>\n\t\t\t\t<\/div>\n\t\t\t\t<div class=\"elementor-element elementor-element-b1afdc4 elementor-widget elementor-widget-heading\" data-id=\"b1afdc4\" data-element_type=\"widget\" data-widget_type=\"heading.default\">\n\t\t\t\t<div class=\"elementor-widget-container\">\n\t\t\t<h2 class=\"elementor-heading-title elementor-size-default\"><a href=\"https:\/\/dev.mintechost.com\/tech4dev\/estudios-realizados\/\">Ver todos<\/a><\/h2>\t\t<\/div>\n\t\t\t\t<\/div>\n\t\t\t\t\t<\/div>\n\t\t<\/div>\n\t\t\t\t<div class=\"make-column-clickable-elementor elementor-column elementor-col-25 elementor-inner-column elementor-element elementor-element-376817c\" style=\"cursor: pointer;\" data-column-clickable=\"https:\/\/dev.mintechost.com\/tech4dev\/podcast\/\" data-column-clickable-blank=\"_self\" data-id=\"376817c\" data-element_type=\"column\" data-settings=\"{&quot;background_background&quot;:&quot;classic&quot;}\">\n\t\t\t<div class=\"elementor-widget-wrap elementor-element-populated\">\n\t\t\t\t\t<div class=\"elementor-background-overlay\"><\/div>\n\t\t\t\t\t\t\t\t<div class=\"elementor-element elementor-element-4ebace8 elementor-view-default elementor-widget elementor-widget-icon\" data-id=\"4ebace8\" data-element_type=\"widget\" data-widget_type=\"icon.default\">\n\t\t\t\t<div class=\"elementor-widget-container\">\n\t\t\t\t\t<div class=\"elementor-icon-wrapper\">\n\t\t\t<a class=\"elementor-icon\" href=\"https:\/\/dev.mintechost.com\/tech4dev\/estudios-realizados\/\">\n\t\t\t<i aria-hidden=\"true\" class=\"fas fa-podcast\"><\/i>\t\t\t<\/a>\n\t\t<\/div>\n\t\t\t\t<\/div>\n\t\t\t\t<\/div>\n\t\t\t\t<div class=\"elementor-element elementor-element-0990f0e elementor-widget elementor-widget-heading\" data-id=\"0990f0e\" data-element_type=\"widget\" data-widget_type=\"heading.default\">\n\t\t\t\t<div class=\"elementor-widget-container\">\n\t\t\t<h2 class=\"elementor-heading-title elementor-size-default\"><a href=\"https:\/\/dev.mintechost.com\/tech4dev\/podcast\/\">PODCAST<\/a><\/h2>\t\t<\/div>\n\t\t\t\t<\/div>\n\t\t\t\t<div class=\"elementor-element elementor-element-94d6bfa elementor-widget elementor-widget-heading\" data-id=\"94d6bfa\" data-element_type=\"widget\" data-widget_type=\"heading.default\">\n\t\t\t\t<div class=\"elementor-widget-container\">\n\t\t\t<h2 class=\"elementor-heading-title elementor-size-default\"><a href=\"https:\/\/dev.mintechost.com\/tech4dev\/podcast\/\">Ver todos<\/a><\/h2>\t\t<\/div>\n\t\t\t\t<\/div>\n\t\t\t\t\t<\/div>\n\t\t<\/div>\n\t\t\t\t\t\t\t<\/div>\n\t\t<\/section>\n\t\t\t\t\t<\/div>\n\t\t<\/div>\n\t\t\t\t\t\t\t<\/div>\n\t\t<\/section>\n\t\t\t\t\t\t\t<\/div>\n\t\t","protected":false},"excerpt":{"rendered":"<p>Al ser una iniciativa de formaci\u00f3n de emprendedores, Tech4Dev gener\u00f3 manuales, clips y estudios dentro del marco de su per\u00edodo de ejecuci\u00f3n y que hoy est\u00e1n disponibles para las instituciones y la comunidad de emprendimiento e innovaci\u00f3n.\u00a0 En Tech4Dev nos encantar\u00eda que estos recursos contin\u00faen siendo \u00fatiles para los emprendedores y so\u00f1adores de Honduras, as\u00ed [&hellip;]<\/p>\n","protected":false},"author":1,"featured_media":0,"parent":0,"menu_order":0,"comment_status":"closed","ping_status":"closed","template":"","meta":{"footnotes":""},"class_list":["post-857","page","type-page","status-publish","hentry"],"acf":[],"_links":{"self":[{"href":"https:\/\/dev.mintechost.com\/tech4dev\/wp-json\/wp\/v2\/pages\/857","targetHints":{"allow":["GET"]}}],"collection":[{"href":"https:\/\/dev.mintechost.com\/tech4dev\/wp-json\/wp\/v2\/pages"}],"about":[{"href":"https:\/\/dev.mintechost.com\/tech4dev\/wp-json\/wp\/v2\/types\/page"}],"author":[{"embeddable":true,"href":"https:\/\/dev.mintechost.com\/tech4dev\/wp-json\/wp\/v2\/users\/1"}],"replies":[{"embeddable":true,"href":"https:\/\/dev.mintechost.com\/tech4dev\/wp-json\/wp\/v2\/comments?post=857"}],"version-history":[{"count":34,"href":"https:\/\/dev.mintechost.com\/tech4dev\/wp-json\/wp\/v2\/pages\/857\/revisions"}],"predecessor-version":[{"id":2937,"href":"https:\/\/dev.mintechost.com\/tech4dev\/wp-json\/wp\/v2\/pages\/857\/revisions\/2937"}],"wp:attachment":[{"href":"https:\/\/dev.mintechost.com\/tech4dev\/wp-json\/wp\/v2\/media?parent=857"}],"curies":[{"name":"wp","href":"https:\/\/api.w.org\/{rel}","templated":true}]}}